{"id":1512,"date":"2023-09-02T18:29:35","date_gmt":"2023-09-02T18:29:35","guid":{"rendered":"https:\/\/qpes.com\/datenschutzbestimmungen\/"},"modified":"2025-05-14T20:50:09","modified_gmt":"2025-05-14T20:50:09","slug":"datenschutzbestimmungen","status":"publish","type":"page","link":"https:\/\/qpes.com\/de\/datenschutzbestimmungen\/","title":{"rendered":"Datenschutzbestimmungen"},"content":{"rendered":"\n<section class=\"wp-block-group section-keyvisual\"><div class=\"wp-block-group__inner-container is-layout-constrained wp-block-group-is-layout-constrained\">\n<div class=\"wp-block-group\"><div class=\"wp-block-group__inner-container is-layout-constrained wp-block-group-is-layout-constrained\">\n<figure class=\"wp-block-image size-large d-none d-md-block\"><img loading=\"lazy\" decoding=\"async\" width=\"1024\" height=\"240\" src=\"https:\/\/qpes.com\/wp-content\/uploads\/2023\/08\/services-1024x240.jpg\" alt=\"Qpes Dienstleistungen\" class=\"wp-image-719\" title=\"Qpes Nachrichten\" srcset=\"https:\/\/qpes.com\/wp-content\/uploads\/2023\/08\/services-1024x240.jpg 1024w, https:\/\/qpes.com\/wp-content\/uploads\/2023\/08\/services-300x70.jpg 300w, https:\/\/qpes.com\/wp-content\/uploads\/2023\/08\/services-768x180.jpg 768w, https:\/\/qpes.com\/wp-content\/uploads\/2023\/08\/services-1536x360.jpg 1536w, https:\/\/qpes.com\/wp-content\/uploads\/2023\/08\/services.jpg 1920w\" sizes=\"auto, (max-width: 1024px) 100vw, 1024px\" \/><\/figure>\n\n\n\n<figure class=\"wp-block-image size-full d-block d-md-none\"><img loading=\"lazy\" decoding=\"async\" width=\"767\" height=\"280\" src=\"https:\/\/qpes.com\/wp-content\/uploads\/2023\/08\/services-mobile.jpg\" alt=\"Qpes Dienstleistungen\" class=\"wp-image-718\" title=\"Qpes Nachrichten\" srcset=\"https:\/\/qpes.com\/wp-content\/uploads\/2023\/08\/services-mobile.jpg 767w, https:\/\/qpes.com\/wp-content\/uploads\/2023\/08\/services-mobile-300x110.jpg 300w\" sizes=\"auto, (max-width: 767px) 100vw, 767px\" \/><\/figure>\n<\/div><\/div>\n<\/div><\/section>\n\n<section class=\"wp-block-group section-privacy-policy\"><div class=\"wp-block-group__inner-container is-layout-constrained wp-block-group-is-layout-constrained\">\n<div class=\"wp-block-group container\"><div class=\"wp-block-group__inner-container is-layout-constrained wp-block-group-is-layout-constrained\">\n<div style=\"height:4rem\" aria-hidden=\"true\" class=\"wp-block-spacer\"><\/div>\n\n\n\n<h1 class=\"wp-block-heading has-text-align-center display-3\" style=\"padding-bottom:3rem\"><strong>Datenschutzbestimmungen<\/strong> <\/h1>\n\n\n\n<h2 class=\"wp-block-heading\">Wer wir sind<\/h2>\n\n\n\n<p>Die Adresse unserer Website lautet: <a href=\"https:\/\/localhost\/wp-weebsitee\/\">https:\/\/www.qpes.com<\/a><\/p>\n\n\n\n<div style=\"height:4rem\" aria-hidden=\"true\" class=\"wp-block-spacer\"><\/div>\n\n\n\n<h2 class=\"wp-block-heading\">Welche pers\u00f6nlichen Daten wir sammeln und warum<\/h2>\n\n\n\n<p>Kontaktformulare Die in Kontaktformulare eingegebenen Daten werden in keiner Datenbank gespeichert und dienen ausschlie\u00dflich dem Zweck der Kommunikation.<\/p>\n\n\n\n<div style=\"height:4rem\" aria-hidden=\"true\" class=\"wp-block-spacer\"><\/div>\n\n\n\n<h2 class=\"wp-block-heading\">Cookies<\/h2>\n\n\n\n<p>Unsere Website verwendet Cookies. Dies sind kleine Datenfragmente, die der Webserver Ihrem Browser anbietet, wenn Sie ihn besuchen. Ihr Browser speichert sie in der Regel auf Ihrem Computer oder Mobilger\u00e4t, und das gespeicherte Cookie wird bei sp\u00e4teren Besuchen an den Server zur\u00fcckgesendet. Cookies werden verwendet, um Einstellungen zu speichern, Sitzungsinformationen f\u00fcr einzelne Benutzer zu erhalten, zwischen Benutzern zu unterscheiden und ihre Aktivit\u00e4ten auf der Website zu verfolgen (auch \u00fcber mehrere Websites hinweg). Sie k\u00f6nnen das Laden von Cookies steuern, ihre Eigenschaften \u00fcberpr\u00fcfen und sie \u00fcber die Einstellungen Ihres Webbrowsers oder durch die Verwendung zus\u00e4tzlicher Browser-Plugins l\u00f6schen.<\/p>\n\n\n\n<div style=\"height:4rem\" aria-hidden=\"true\" class=\"wp-block-spacer\"><\/div>\n\n\n\n<h2 class=\"wp-block-heading\">Analytik<\/h2>\n\n\n\n<p>Wir verwenden auf unserer Website Cookies des Dienstes Google Analytics, sowohl permanente als auch tempor\u00e4re (Sitzungscookies). Wir verwenden diesen Dienst, um den Datenverkehr zu analysieren (Z\u00e4hlen der Besucher, Identifizieren der Browser, Messen der Benutzeraktivit\u00e4t auf der Website, Erkennen von Navigationsproblemen usw.). Es erm\u00f6glicht uns, die Reichweite und das Interesse an unseren Inhalten zu bewerten. Alle gesammelten Daten werden intern und ausschlie\u00dflich zum Zweck der Verbesserung unserer Website verwendet.<\/p>\n\n\n\n<div style=\"height:4rem\" aria-hidden=\"true\" class=\"wp-block-spacer\"><\/div>\n\n\n\n<h2 class=\"wp-block-heading\">Teilen Sie Ihre Daten<\/h2>\n\n\n\n<p>Wir geben Ihre Daten nicht an Dritte weiter.<\/p>\n\n\n\n<div style=\"height:8rem\" aria-hidden=\"true\" class=\"wp-block-spacer\"><\/div>\n<\/div><\/div>\n<\/div><\/section>\n\n<section id=\"contactform\" class=\"wp-block-group section-contact-form\"><div class=\"wp-block-group__inner-container is-layout-constrained wp-block-group-is-layout-constrained\">\n<div class=\"wp-block-group container\"><div class=\"wp-block-group__inner-container is-layout-constrained wp-block-group-is-layout-constrained\">\n<div style=\"height:4rem\" aria-hidden=\"true\" class=\"wp-block-spacer\"><\/div>\n\n\n\n<div class=\"wp-block-group section-contact-form__title\"><div class=\"wp-block-group__inner-container is-layout-constrained wp-block-group-is-layout-constrained\">\n<h2 class=\"wp-block-heading has-text-align-center display-3\" style=\"padding-bottom:1.5rem\"><strong>Kontaktieren Sie<\/strong> uns<\/h2>\n\n\n\n<p class=\"has-text-align-center\">Sind Sie daran interessiert, mit uns Gesch\u00e4fte zu machen? Schreiben Sie uns einfach eine Nachricht.<\/p>\n<\/div><\/div>\n\n\n\n<div class=\"wp-block-group section-contact-form__content\"><div class=\"wp-block-group__inner-container is-layout-constrained wp-block-group-is-layout-constrained\">\n\n<div class=\"wpcf7 no-js\" id=\"wpcf7-f1538-o1\" lang=\"de-DE\" dir=\"ltr\" data-wpcf7-id=\"1538\">\n<div class=\"screen-reader-response\"><p role=\"status\" aria-live=\"polite\" aria-atomic=\"true\"><\/p> <ul><\/ul><\/div>\n<form action=\"\/de\/wp-json\/wp\/v2\/pages\/1512#wpcf7-f1538-o1\" method=\"post\" class=\"wpcf7-form init\" aria-label=\"Kontaktformular\" novalidate=\"novalidate\" data-status=\"init\">\n<fieldset class=\"hidden-fields-container\"><input type=\"hidden\" name=\"_wpcf7\" value=\"1538\" \/><input type=\"hidden\" name=\"_wpcf7_version\" value=\"6.1.5\" \/><input type=\"hidden\" name=\"_wpcf7_locale\" value=\"de_DE\" \/><input type=\"hidden\" name=\"_wpcf7_unit_tag\" value=\"wpcf7-f1538-o1\" \/><input type=\"hidden\" name=\"_wpcf7_container_post\" value=\"0\" \/><input type=\"hidden\" name=\"_wpcf7_posted_data_hash\" value=\"\" \/><input type=\"hidden\" name=\"_wpcf7_recaptcha_response\" value=\"\" \/>\n<\/fieldset>\n<div class=\"row gx-5 gy-3\">\n\t<div class=\"col-md-4\">\n\t\t<p><span class=\"wpcf7-form-control-wrap\" data-name=\"your-name\"><input size=\"40\" maxlength=\"400\" class=\"wpcf7-form-control wpcf7-text wpcf7-validates-as-required\" aria-required=\"true\" aria-invalid=\"false\" placeholder=\"Ihr Name\" value=\"\" type=\"text\" name=\"your-name\" \/><\/span>\n\t\t<\/p>\n\t<\/div>\n\t<div class=\"col-md-4\">\n\t\t<p><span class=\"wpcf7-form-control-wrap\" data-name=\"your-phone\"><input size=\"40\" maxlength=\"400\" class=\"wpcf7-form-control wpcf7-tel wpcf7-validates-as-required wpcf7-text wpcf7-validates-as-tel\" aria-required=\"true\" aria-invalid=\"false\" placeholder=\"Ihre Telefonnummer\" value=\"\" type=\"tel\" name=\"your-phone\" \/><\/span>\n\t\t<\/p>\n\t<\/div>\n\t<div class=\"col-md-4\">\n\t\t<p><span class=\"wpcf7-form-control-wrap\" data-name=\"your-email\"><input size=\"40\" maxlength=\"400\" class=\"wpcf7-form-control wpcf7-email wpcf7-validates-as-required wpcf7-text wpcf7-validates-as-email\" aria-required=\"true\" aria-invalid=\"false\" placeholder=\"Ihre E-Mail\" value=\"\" type=\"email\" name=\"your-email\" \/><\/span>\n\t\t<\/p>\n\t<\/div>\n\t<div class=\"col-sm-12\">\n\t\t<p><span class=\"wpcf7-form-control-wrap\" data-name=\"your-message\"><textarea cols=\"40\" rows=\"10\" maxlength=\"2000\" class=\"wpcf7-form-control wpcf7-textarea\" aria-invalid=\"false\" placeholder=\"Nachricht schreiben\" name=\"your-message\"><\/textarea><\/span>\n\t\t<\/p>\n\t<\/div>\n\t<div class=\"col-sm-6\">\n\t\t<p><span class=\"wpcf7-form-control-wrap\" data-name=\"consent-checkbox\"><span class=\"wpcf7-form-control wpcf7-acceptance\"><span class=\"wpcf7-list-item\"><label><input type=\"checkbox\" name=\"consent-checkbox\" value=\"1\" aria-invalid=\"false\" \/><span class=\"wpcf7-list-item-label\">Ich stimme den Bedingungen zu<\/span><\/label><\/span><\/span><\/span>\n\t\t<\/p>\n\t<\/div>\n\t<div class=\"col-sm-6\">\n\t\t<div class=\"contact-form-button\">\n\t\t\t<p><input class=\"wpcf7-form-control wpcf7-submit has-spinner\" type=\"submit\" value=\"Schicken\" \/>\n\t\t\t<\/p>\n\t\t<\/div>\n\t<\/div>\n<\/div><div class=\"wpcf7-response-output\" aria-hidden=\"true\"><\/div>\n<\/form>\n<\/div>\n\n<\/div><\/div>\n\n\n\n<div style=\"height:4rem\" aria-hidden=\"true\" class=\"wp-block-spacer\"><\/div>\n<\/div><\/div>\n<\/div><\/section>\n","protected":false},"excerpt":{"rendered":"<p>Datenschutzbestimmungen Wer wir sind Die Adresse unserer Website lautet: https:\/\/www.qpes.com Welche pers\u00f6nlichen Daten wir sammeln und warum Kontaktformulare Die in Kontaktformulare eingegebenen Daten werden in keiner Datenbank gespeichert und dienen [&hellip;]<\/p>\n","protected":false},"author":1,"featured_media":0,"parent":0,"menu_order":0,"comment_status":"closed","ping_status":"closed","template":"","meta":{"om_disable_all_campaigns":false,"_monsterinsights_skip_tracking":false,"_monsterinsights_sitenote_active":false,"_monsterinsights_sitenote_note":"","_monsterinsights_sitenote_category":0,"footnotes":""},"class_list":["post-1512","page","type-page","status-publish","hentry"],"aioseo_notices":[],"_links":{"self":[{"href":"https:\/\/qpes.com\/de\/wp-json\/wp\/v2\/pages\/1512","targetHints":{"allow":["GET"]}}],"collection":[{"href":"https:\/\/qpes.com\/de\/wp-json\/wp\/v2\/pages"}],"about":[{"href":"https:\/\/qpes.com\/de\/wp-json\/wp\/v2\/types\/page"}],"author":[{"embeddable":true,"href":"https:\/\/qpes.com\/de\/wp-json\/wp\/v2\/users\/1"}],"replies":[{"embeddable":true,"href":"https:\/\/qpes.com\/de\/wp-json\/wp\/v2\/comments?post=1512"}],"version-history":[{"count":2,"href":"https:\/\/qpes.com\/de\/wp-json\/wp\/v2\/pages\/1512\/revisions"}],"predecessor-version":[{"id":1514,"href":"https:\/\/qpes.com\/de\/wp-json\/wp\/v2\/pages\/1512\/revisions\/1514"}],"wp:attachment":[{"href":"https:\/\/qpes.com\/de\/wp-json\/wp\/v2\/media?parent=1512"}],"curies":[{"name":"wp","href":"https:\/\/api.w.org\/{rel}","templated":true}]}}