{"id":1515,"date":"2023-08-26T11:18:49","date_gmt":"2023-08-26T11:18:49","guid":{"rendered":"https:\/\/qpes.com\/ueber-sie\/"},"modified":"2025-10-03T06:46:15","modified_gmt":"2025-10-03T06:46:15","slug":"ueber-sie","status":"publish","type":"page","link":"https:\/\/qpes.com\/de\/ueber-sie\/","title":{"rendered":"Qpes About You | Opportunities for Customers and Partners"},"content":{"rendered":"\n<section class=\"wp-block-group section-keyvisual\"><div class=\"wp-block-group__inner-container is-layout-constrained wp-block-group-is-layout-constrained\">\n<div class=\"wp-block-group\"><div class=\"wp-block-group__inner-container is-layout-constrained wp-block-group-is-layout-constrained\">\n<figure class=\"wp-block-image size-large d-none d-md-block\"><img loading=\"lazy\" decoding=\"async\" width=\"1024\" height=\"240\" src=\"https:\/\/qpes.com\/wp-content\/uploads\/2023\/09\/about-u-1024x240.jpg\" alt=\"Qpes &#xFC;ber U\" class=\"wp-image-802\" title=\"Qpes Nachrichten\" srcset=\"https:\/\/qpes.com\/wp-content\/uploads\/2023\/09\/about-u-1024x240.jpg 1024w, https:\/\/qpes.com\/wp-content\/uploads\/2023\/09\/about-u-300x70.jpg 300w, https:\/\/qpes.com\/wp-content\/uploads\/2023\/09\/about-u-768x180.jpg 768w, https:\/\/qpes.com\/wp-content\/uploads\/2023\/09\/about-u-1536x360.jpg 1536w, https:\/\/qpes.com\/wp-content\/uploads\/2023\/09\/about-u.jpg 1920w\" sizes=\"auto, (max-width: 1024px) 100vw, 1024px\" \/><\/figure>\n\n\n\n<figure class=\"wp-block-image size-full d-block d-md-none\"><img loading=\"lazy\" decoding=\"async\" width=\"767\" height=\"280\" src=\"https:\/\/qpes.com\/wp-content\/uploads\/2023\/09\/about-u-mobile.jpg\" alt=\"Qpes &#xFC;ber U\" class=\"wp-image-803\" title=\"Qpes Nachrichten\" srcset=\"https:\/\/qpes.com\/wp-content\/uploads\/2023\/09\/about-u-mobile.jpg 767w, https:\/\/qpes.com\/wp-content\/uploads\/2023\/09\/about-u-mobile-300x110.jpg 300w\" sizes=\"auto, (max-width: 767px) 100vw, 767px\" \/><\/figure>\n<\/div><\/div>\n<\/div><\/section>\n\n<section class=\"wp-block-group section-about-u section-bck-1\"><div class=\"wp-block-group__inner-container is-layout-constrained wp-block-group-is-layout-constrained\">\n<div class=\"wp-block-group container\"><div class=\"wp-block-group__inner-container is-layout-constrained wp-block-group-is-layout-constrained\">\n<div style=\"height:4rem\" aria-hidden=\"true\" class=\"wp-block-spacer\"><\/div>\n\n\n\n<h1 class=\"wp-block-heading has-text-align-center display-3\" style=\"padding-bottom:3rem\"><strong>Kunden <\/strong>&amp; Partner<\/h1>\n\n\n\n<div class=\"wp-block-group section-about-u__customers\"><div class=\"wp-block-group__inner-container is-layout-constrained wp-block-group-is-layout-constrained\">\n<div class=\"wp-block-group section-about-u__customer\"><div class=\"wp-block-group__inner-container is-layout-constrained wp-block-group-is-layout-constrained\">\n<div class=\"wp-block-group section-about-u__customer-top is-nowrap is-layout-flex wp-container-core-group-is-layout-ad2f72ca wp-block-group-is-layout-flex\">\n<figure class=\"wp-block-image size-full section-about-u__customer-img\"><img loading=\"lazy\" decoding=\"async\" width=\"180\" height=\"180\" src=\"https:\/\/qpes.com\/wp-content\/uploads\/2023\/09\/customers-icon-1.png\" alt=\"Qpes &#xFC;ber U\" class=\"wp-image-823\" srcset=\"https:\/\/qpes.com\/wp-content\/uploads\/2023\/09\/customers-icon-1.png 180w, https:\/\/qpes.com\/wp-content\/uploads\/2023\/09\/customers-icon-1-150x150.png 150w\" sizes=\"auto, (max-width: 180px) 100vw, 180px\" \/><\/figure>\n\n\n\n<p><strong>OpenText- und\/oder SAP-Kunden<\/strong><\/p>\n<\/div>\n\n\n\n<div class=\"wp-block-group section-about-u__customer-bot\"><div class=\"wp-block-group__inner-container is-layout-constrained wp-block-group-is-layout-constrained\">\n<p>Als bestehender OpenText- und\/oder SAP-Kunde k\u00f6nnen Sie von unseren umfassenden Kompetenzen und Erfahrungen profitieren, wie z.B.:<\/p>\n\n\n\n<ul class=\"wp-block-list\">\n<li>Optimierung und\/oder Erweiterung Ihrer L\u00f6sung(en)<\/li>\n\n\n\n<li>\u00dcberf\u00fchren Ihrer L\u00f6sung in die OpenText oder Hyper-Scaler Cloud<\/li>\n\n\n\n<li>Integration neuer Applikationen in OpenText-L\u00f6sungen<\/li>\n\n\n\n<li>Migration von einem oder mehreren Quellsystemen zu OpenText-L\u00f6sungen<\/li>\n\n\n\n<li>Stilllegung von Legacy-Applikationen in OpenText InfoArchive<\/li>\n<\/ul>\n<\/div><\/div>\n<\/div><\/div>\n\n\n\n<div class=\"wp-block-group section-about-u__customer\"><div class=\"wp-block-group__inner-container is-layout-constrained wp-block-group-is-layout-constrained\">\n<div class=\"wp-block-group section-about-u__customer-top is-nowrap is-layout-flex wp-container-core-group-is-layout-ad2f72ca wp-block-group-is-layout-flex\">\n<figure class=\"wp-block-image size-full section-about-u__customer-img\"><img loading=\"lazy\" decoding=\"async\" width=\"180\" height=\"180\" src=\"https:\/\/qpes.com\/wp-content\/uploads\/2023\/09\/customers-icon-2.png\" alt=\"Qpes &#xFC;ber U\" class=\"wp-image-824\" srcset=\"https:\/\/qpes.com\/wp-content\/uploads\/2023\/09\/customers-icon-2.png 180w, https:\/\/qpes.com\/wp-content\/uploads\/2023\/09\/customers-icon-2-150x150.png 150w\" sizes=\"auto, (max-width: 180px) 100vw, 180px\" \/><\/figure>\n\n\n\n<p><strong>OpenText und\/oder SAP-Partner<\/strong><\/p>\n<\/div>\n\n\n\n<div class=\"wp-block-group section-about-u__customer-bot\"><div class=\"wp-block-group__inner-container is-layout-constrained wp-block-group-is-layout-constrained\">\n<p>Als OpenText- und\/oder SAP-Partner k\u00f6nnen Sie die Vorteile unserer Presales- und Support-Services nutzen, wie z.B.:<\/p>\n\n\n\n<ul class=\"wp-block-list\">\n<li>Co-Gesch\u00e4ftsentwicklung und Marketingplanung<\/li>\n\n\n\n<li>Strategisches und taktisches Vertriebsvorgehen<\/li>\n\n\n\n<li>OpenText- und SAP-gest\u00fctzte Gesch\u00e4ftsprozessberatung<\/li>\n\n\n\n<li>Management der Ausschreibungsabwicklung<\/li>\n\n\n\n<li>Bid Management<\/li>\n<\/ul>\n<\/div><\/div>\n<\/div><\/div>\n\n\n\n<div class=\"wp-block-group section-about-u__customer\"><div class=\"wp-block-group__inner-container is-layout-constrained wp-block-group-is-layout-constrained\">\n<div class=\"wp-block-group section-about-u__customer-top is-nowrap is-layout-flex wp-container-core-group-is-layout-ad2f72ca wp-block-group-is-layout-flex\">\n<figure class=\"wp-block-image size-full section-about-u__customer-img\"><img loading=\"lazy\" decoding=\"async\" width=\"180\" height=\"180\" src=\"https:\/\/qpes.com\/wp-content\/uploads\/2023\/09\/customers-icon-3.png\" alt=\"Qpes &#xFC;ber U\" class=\"wp-image-826\" srcset=\"https:\/\/qpes.com\/wp-content\/uploads\/2023\/09\/customers-icon-3.png 180w, https:\/\/qpes.com\/wp-content\/uploads\/2023\/09\/customers-icon-3-150x150.png 150w\" sizes=\"auto, (max-width: 180px) 100vw, 180px\" \/><\/figure>\n\n\n\n<p><strong>OpenText und\/oder SAP Interessenten<\/strong><\/p>\n<\/div>\n\n\n\n<div class=\"wp-block-group section-about-u__customer-bot\"><div class=\"wp-block-group__inner-container is-layout-constrained wp-block-group-is-layout-constrained\">\n<p>Als OpenText- und\/oder SAP-Interessent k\u00f6nnen Sie von unseren Kompetenzen und Erfahrungen profitieren, wie z.B.:<\/p>\n\n\n\n<ul class=\"wp-block-list\">\n<li>Strategie- und Gesch\u00e4ftsprozessberatung f\u00fcr kleine, mittelst\u00e4ndische und gro\u00dfe Unternehmen sowie f\u00fcr den \u00f6ffentlichen Dienst<\/li>\n\n\n\n<li>Unternehmen einschlie\u00dflich Cloud-Architektur sowie Systemintegration, Beratung zu Managed Services und Bereitstellung von Cloud-Services<\/li>\n\n\n\n<li>&gt;280 abgeschlossene OpenText- und SAP by OpenText-Projekte<\/li>\n\n\n\n<li>Praktische Erfahrung mit der OpenText Content, Experience, Cybersecurity, Portfolio, Analytics, Legaltech und Developers Cloud<\/li>\n\n\n\n<li>Integration mit SAP S4\/HANA \u2013 Private &amp; Public Cloud, SAP SuccessFactors, SAP Ariba, SAP Sales Cloud, SAP BTP Services und einigen SAP-Branchenl\u00f6sungen<\/li>\n\n\n\n<li>80 Berater in 13 L\u00e4ndern und 16 Kompetenzzentren in Osteuropa und im asiatisch-pazifischen Raum<\/li>\n<\/ul>\n<\/div><\/div>\n<\/div><\/div>\n\n\n\n<div class=\"wp-block-group section-about-u__customer\"><div class=\"wp-block-group__inner-container is-layout-constrained wp-block-group-is-layout-constrained\">\n<div class=\"wp-block-group section-about-u__customer-top is-nowrap is-layout-flex wp-container-core-group-is-layout-ad2f72ca wp-block-group-is-layout-flex\">\n<figure class=\"wp-block-image size-full section-about-u__customer-img\"><img loading=\"lazy\" decoding=\"async\" width=\"180\" height=\"180\" src=\"https:\/\/qpes.com\/wp-content\/uploads\/2023\/09\/customers-icon-4.png\" alt=\"Qpes &#xFC;ber U\" class=\"wp-image-827\" srcset=\"https:\/\/qpes.com\/wp-content\/uploads\/2023\/09\/customers-icon-4.png 180w, https:\/\/qpes.com\/wp-content\/uploads\/2023\/09\/customers-icon-4-150x150.png 150w\" sizes=\"auto, (max-width: 180px) 100vw, 180px\" \/><\/figure>\n\n\n\n<p><strong>OpenText und SAP Gesch\u00e4ftsbereiche<\/strong><\/p>\n<\/div>\n\n\n\n<div class=\"wp-block-group section-about-u__customer-bot\"><div class=\"wp-block-group__inner-container is-layout-constrained wp-block-group-is-layout-constrained\">\n<p>Als OpenText- und\/oder SAP-Gesch\u00e4ftseinheit k\u00f6nnen Sie von unserem OpenText- und SAP-internen Organisations-Know-how profitieren, wie z.B.:<\/p>\n\n\n\n<ul class=\"wp-block-list\">\n<li>Globales Kompetenz-\u00d6kosystem<\/li>\n\n\n\n<li>Governance-Modelle der Gesch\u00e4ftsbereiche<\/li>\n\n\n\n<li>Know-how \u00fcber Bandbreite und Verf\u00fcgbarkeit<\/li>\n\n\n\n<li>Verbindungen zu Spezialisten und Entscheidungsfindungsprozessen des Managements<\/li>\n\n\n\n<li>Gesch\u00e4ftsbereichs\u00fcbergreifende Governance<\/li>\n\n\n\n<li>Kommende L\u00f6sungsinnovationen<\/li>\n<\/ul>\n<\/div><\/div>\n<\/div><\/div>\n<\/div><\/div>\n\n\n\n<div style=\"height:8rem\" aria-hidden=\"true\" class=\"wp-block-spacer\"><\/div>\n<\/div><\/div>\n<\/div><\/section>\n\n<section id=\"contactform\" class=\"wp-block-group section-contact-form\"><div class=\"wp-block-group__inner-container is-layout-constrained wp-block-group-is-layout-constrained\">\n<div class=\"wp-block-group container\"><div class=\"wp-block-group__inner-container is-layout-constrained wp-block-group-is-layout-constrained\">\n<div style=\"height:4rem\" aria-hidden=\"true\" class=\"wp-block-spacer\"><\/div>\n\n\n\n<div class=\"wp-block-group section-contact-form__title\"><div class=\"wp-block-group__inner-container is-layout-constrained wp-block-group-is-layout-constrained\">\n<h2 class=\"wp-block-heading has-text-align-center display-3\" style=\"padding-bottom:1.5rem\"><strong>Kontaktieren Sie<\/strong> uns<\/h2>\n\n\n\n<p class=\"has-text-align-center\">Sind Sie daran interessiert, mit uns Gesch\u00e4fte zu machen? Schreiben Sie uns einfach eine Nachricht.<\/p>\n<\/div><\/div>\n\n\n\n<div class=\"wp-block-group section-contact-form__content\"><div class=\"wp-block-group__inner-container is-layout-constrained wp-block-group-is-layout-constrained\">\n\n<div class=\"wpcf7 no-js\" id=\"wpcf7-f1538-o1\" lang=\"de-DE\" dir=\"ltr\" data-wpcf7-id=\"1538\">\n<div class=\"screen-reader-response\"><p role=\"status\" aria-live=\"polite\" aria-atomic=\"true\"><\/p> <ul><\/ul><\/div>\n<form action=\"\/de\/wp-json\/wp\/v2\/pages\/1515#wpcf7-f1538-o1\" method=\"post\" class=\"wpcf7-form init\" aria-label=\"Kontaktformular\" novalidate=\"novalidate\" data-status=\"init\">\n<fieldset class=\"hidden-fields-container\"><input type=\"hidden\" name=\"_wpcf7\" value=\"1538\" \/><input type=\"hidden\" name=\"_wpcf7_version\" value=\"6.1.5\" \/><input type=\"hidden\" name=\"_wpcf7_locale\" value=\"de_DE\" \/><input type=\"hidden\" name=\"_wpcf7_unit_tag\" value=\"wpcf7-f1538-o1\" \/><input type=\"hidden\" name=\"_wpcf7_container_post\" value=\"0\" \/><input type=\"hidden\" name=\"_wpcf7_posted_data_hash\" value=\"\" \/><input type=\"hidden\" name=\"_wpcf7_recaptcha_response\" value=\"\" \/>\n<\/fieldset>\n<div class=\"row gx-5 gy-3\">\n\t<div class=\"col-md-4\">\n\t\t<p><span class=\"wpcf7-form-control-wrap\" data-name=\"your-name\"><input size=\"40\" maxlength=\"400\" class=\"wpcf7-form-control wpcf7-text wpcf7-validates-as-required\" aria-required=\"true\" aria-invalid=\"false\" placeholder=\"Ihr Name\" value=\"\" type=\"text\" name=\"your-name\" \/><\/span>\n\t\t<\/p>\n\t<\/div>\n\t<div class=\"col-md-4\">\n\t\t<p><span class=\"wpcf7-form-control-wrap\" data-name=\"your-phone\"><input size=\"40\" maxlength=\"400\" class=\"wpcf7-form-control wpcf7-tel wpcf7-validates-as-required wpcf7-text wpcf7-validates-as-tel\" aria-required=\"true\" aria-invalid=\"false\" placeholder=\"Ihre Telefonnummer\" value=\"\" type=\"tel\" name=\"your-phone\" \/><\/span>\n\t\t<\/p>\n\t<\/div>\n\t<div class=\"col-md-4\">\n\t\t<p><span class=\"wpcf7-form-control-wrap\" data-name=\"your-email\"><input size=\"40\" maxlength=\"400\" class=\"wpcf7-form-control wpcf7-email wpcf7-validates-as-required wpcf7-text wpcf7-validates-as-email\" aria-required=\"true\" aria-invalid=\"false\" placeholder=\"Ihre E-Mail\" value=\"\" type=\"email\" name=\"your-email\" \/><\/span>\n\t\t<\/p>\n\t<\/div>\n\t<div class=\"col-sm-12\">\n\t\t<p><span class=\"wpcf7-form-control-wrap\" data-name=\"your-message\"><textarea cols=\"40\" rows=\"10\" maxlength=\"2000\" class=\"wpcf7-form-control wpcf7-textarea\" aria-invalid=\"false\" placeholder=\"Nachricht schreiben\" name=\"your-message\"><\/textarea><\/span>\n\t\t<\/p>\n\t<\/div>\n\t<div class=\"col-sm-6\">\n\t\t<p><span class=\"wpcf7-form-control-wrap\" data-name=\"consent-checkbox\"><span class=\"wpcf7-form-control wpcf7-acceptance\"><span class=\"wpcf7-list-item\"><label><input type=\"checkbox\" name=\"consent-checkbox\" value=\"1\" aria-invalid=\"false\" \/><span class=\"wpcf7-list-item-label\">Ich stimme den Bedingungen zu<\/span><\/label><\/span><\/span><\/span>\n\t\t<\/p>\n\t<\/div>\n\t<div class=\"col-sm-6\">\n\t\t<div class=\"contact-form-button\">\n\t\t\t<p><input class=\"wpcf7-form-control wpcf7-submit has-spinner\" type=\"submit\" value=\"Schicken\" \/>\n\t\t\t<\/p>\n\t\t<\/div>\n\t<\/div>\n<\/div><div class=\"wpcf7-response-output\" aria-hidden=\"true\"><\/div>\n<\/form>\n<\/div>\n\n<\/div><\/div>\n\n\n\n<div style=\"height:4rem\" aria-hidden=\"true\" class=\"wp-block-spacer\"><\/div>\n<\/div><\/div>\n<\/div><\/section>\n","protected":false},"excerpt":{"rendered":"<p>Kunden &amp; Partner OpenText- und\/oder SAP-Kunden Als bestehender OpenText- und\/oder SAP-Kunde k\u00f6nnen Sie von unseren umfassenden Kompetenzen und Erfahrungen profitieren, wie z.B.: OpenText und\/oder SAP-Partner Als OpenText- und\/oder SAP-Partner k\u00f6nnen [&hellip;]<\/p>\n","protected":false},"author":1,"featured_media":0,"parent":0,"menu_order":0,"comment_status":"closed","ping_status":"closed","template":"","meta":{"om_disable_all_campaigns":false,"_monsterinsights_skip_tracking":false,"_monsterinsights_sitenote_active":false,"_monsterinsights_sitenote_note":"","_monsterinsights_sitenote_category":0,"footnotes":""},"class_list":["post-1515","page","type-page","status-publish","hentry"],"aioseo_notices":[],"_links":{"self":[{"href":"https:\/\/qpes.com\/de\/wp-json\/wp\/v2\/pages\/1515","targetHints":{"allow":["GET"]}}],"collection":[{"href":"https:\/\/qpes.com\/de\/wp-json\/wp\/v2\/pages"}],"about":[{"href":"https:\/\/qpes.com\/de\/wp-json\/wp\/v2\/types\/page"}],"author":[{"embeddable":true,"href":"https:\/\/qpes.com\/de\/wp-json\/wp\/v2\/users\/1"}],"replies":[{"embeddable":true,"href":"https:\/\/qpes.com\/de\/wp-json\/wp\/v2\/comments?post=1515"}],"version-history":[{"count":4,"href":"https:\/\/qpes.com\/de\/wp-json\/wp\/v2\/pages\/1515\/revisions"}],"predecessor-version":[{"id":5713,"href":"https:\/\/qpes.com\/de\/wp-json\/wp\/v2\/pages\/1515\/revisions\/5713"}],"wp:attachment":[{"href":"https:\/\/qpes.com\/de\/wp-json\/wp\/v2\/media?parent=1515"}],"curies":[{"name":"wp","href":"https:\/\/api.w.org\/{rel}","templated":true}]}}