{"id":1545,"date":"2023-08-25T17:20:40","date_gmt":"2023-08-25T17:20:40","guid":{"rendered":"https:\/\/qpes.com\/loesungen\/"},"modified":"2025-10-03T07:13:25","modified_gmt":"2025-10-03T07:13:25","slug":"loesungen","status":"publish","type":"page","link":"https:\/\/qpes.com\/de\/loesungen\/","title":{"rendered":"Qpes Solutions | Information Management across AI, GRC &amp; Tech\u201d"},"content":{"rendered":"\n<section class=\"wp-block-group section-keyvisual\"><div class=\"wp-block-group__inner-container is-layout-constrained wp-block-group-is-layout-constrained\">\n<div class=\"wp-block-group\"><div class=\"wp-block-group__inner-container is-layout-constrained wp-block-group-is-layout-constrained\">\n<figure class=\"wp-block-image size-large d-none d-md-block\"><img loading=\"lazy\" decoding=\"async\" width=\"1024\" height=\"240\" src=\"https:\/\/qpes.com\/wp-content\/uploads\/2023\/08\/solutions-1024x240.jpg\" alt=\"Qpes L&#xF6;sungen\" class=\"wp-image-430\" title=\"Qpes Nachrichten\" srcset=\"https:\/\/qpes.com\/wp-content\/uploads\/2023\/08\/solutions-1024x240.jpg 1024w, https:\/\/qpes.com\/wp-content\/uploads\/2023\/08\/solutions-300x70.jpg 300w, https:\/\/qpes.com\/wp-content\/uploads\/2023\/08\/solutions-768x180.jpg 768w, https:\/\/qpes.com\/wp-content\/uploads\/2023\/08\/solutions-1536x360.jpg 1536w, https:\/\/qpes.com\/wp-content\/uploads\/2023\/08\/solutions.jpg 1920w\" sizes=\"auto, (max-width: 1024px) 100vw, 1024px\" \/><\/figure>\n\n\n\n<figure class=\"wp-block-image size-full d-block d-md-none\"><img loading=\"lazy\" decoding=\"async\" width=\"767\" height=\"280\" src=\"https:\/\/qpes.com\/wp-content\/uploads\/2023\/08\/solutions-mobile.jpg\" alt=\"Qpes L&#xF6;sungen\" class=\"wp-image-436\" title=\"Qpes Nachrichten\" srcset=\"https:\/\/qpes.com\/wp-content\/uploads\/2023\/08\/solutions-mobile.jpg 767w, https:\/\/qpes.com\/wp-content\/uploads\/2023\/08\/solutions-mobile-300x110.jpg 300w\" sizes=\"auto, (max-width: 767px) 100vw, 767px\" \/><\/figure>\n<\/div><\/div>\n<\/div><\/section>\n\n<section class=\"wp-block-group section-solutions\"><div class=\"wp-block-group__inner-container is-layout-constrained wp-block-group-is-layout-constrained\">\n<div class=\"wp-block-group container\"><div class=\"wp-block-group__inner-container is-layout-constrained wp-block-group-is-layout-constrained\">\n<div style=\"height:4rem\" aria-hidden=\"true\" class=\"wp-block-spacer\"><\/div>\n\n\n\n<h1 class=\"wp-block-heading has-text-align-center display-3\" style=\"padding-bottom:3rem\"><strong><strong>L\u00f6sungen<\/strong><\/strong><\/h1>\n\n\n\n<div class=\"section-solutions__tabs\">\n    <div class=\"tab-circle active\" data-tab=\"tab1\">\n  Informationsmanagement (IM)\n        <div class=\"tab-arrow tab-arrow-2\"><\/div>\n        <div class=\"tab-arrow tab-arrow-3\"><\/div>\n        <div class=\"tab-arrow tab-arrow-4\"><\/div>\n        <div class=\"tab-arrow tab-arrow-5\"><\/div>\n        <div class=\"tab-arrow tab-arrow-6\"><\/div>\n    <\/div>\n\n    <div class=\"tab-square-wrapper\" data-tab=\"tab6\">\n        <div class=\"tab-square\" data-tab=\"tab6\">\n  K\u00fcnstliche Intelligenz als Grundlage f\u00fcr IM\n        <\/div>\n    <\/div>\n    <div class=\"tab-square-wrapper\" data-tab=\"tab5\">\n        <div class=\"tab-square\" data-tab=\"tab5\">Kostenreduzierung durch IM<\/div>\n    <\/div>\n    <div class=\"tab-square-wrapper\" data-tab=\"tab4\">\n        <div class=\"tab-square\" data-tab=\"tab4\">Gesch\u00e4ftsprozessgesteuertes IM<\/div>\n    <\/div>\n    <div class=\"tab-square-wrapper\" data-tab=\"tab3\">\n        <div class=\"tab-square\" data-tab=\"tab3\">GRC-gesteuerte IM<\/div>\n    <\/div>\n    <div class=\"tab-square-wrapper\" data-tab=\"tab2\">\n        <div class=\"tab-square\" data-tab=\"tab2\">Technologiegest\u00fctztes IM<\/div>\n    <\/div>\n<\/div>\n<div class=\"section-solutions__container\">\n    <div class=\"tab-content\" id=\"tab6\">\n        <div class=\"tab-content-des\">\n            <h2 class=\"display-6\">\n                <strong>Durch k\u00fcnstliche Intelligenz gesteuerte<\/strong> Informationen Management\n            <\/h2>\n            <p>\n Aussch\u00f6pfen des vollen Potenzials fortschrittlicher KI-Technologien mit QPES\u2018 umfassender Suite von KI-gesteuerten L\u00f6sungen. Unsere KI Expertise umfasst: \n            <\/p>\n        <\/div>\n\n        <div class=\"section-box-style-1 section-cardboard\">\n            <div class=\"section-colorful-title\">\n                <h3>Regelbasierte KI und maschinelles Lernen<\/h3>\n            <\/div>\n            <div class=\"section-cardboard__top\">\n                <ul>\n                    <li>\n Dateneingabe: Nahtloser Empfang und Verarbeitung verschiedener Datentypen \u2013 von einfachen numerischen Werten bis hin zu komplexen Datens\u00e4tzen wie medizinischen Aufzeichnungen oder Finanztransaktionen.\n                    <\/li>\n                    <li>\n Regelabgleich: Verwenden intelligenter Inferenzmaschinen, um Eingabedaten pr\u00e4zise zu analysieren und sie effizient mit einem umfangreichen regelbasierten Wissensspeicher abzugleichen.\n                    <\/li>\n                    <li>\n Regel-Ausf\u00fchrung: Automatisches Ausf\u00fchren \u00fcbereinstimmender Regeln, dynamische Aktualisierung Ihrer Wissensdatenbank, Ableiten von Erkenntnisse und Erbringung umsetzbarer Ergebnisse.\n                    <\/li>\n                    <li>\n L\u00f6sung von Konflikten: Nutzen ausgefeilter Konfliktl\u00f6sungsstrategien, die auf intelligente Weise die Ausf\u00fchrung der Regel auf der Grundlage von Spezifit\u00e4t, Relevanz und Kontext priorisieren.\n                    <\/li>\n                    <li>\n Erzeugung von Ergebnissen: Herbeif\u00fchren pr\u00e4ziser Entscheidungen, Empfehlungen oder automatisierter Aktionen und Unterst\u00fctzung von Industrien vom Gesundheits- bis zum Finanzwesen mit genauen und zuverl\u00e4ssigen Ergebnissen.\n                    <\/li>\n                <\/ul>\n            <\/div>\n        <\/div>\n\n        <div class=\"section-box-style-1 section-cardboard\">\n            <div class=\"section-colorful-title\">\n                <h3>Kontextbewusstheit &#038; Generative KI<\/h3>\n            <\/div>\n            <div class=\"section-cardboard__top\">\n                <p>\n Nutzen von KI-L\u00f6sungen, die den Kontext Ihrer Daten verstehen und sich daran anpassen, um aussagekr\u00e4ftige Einblicke, Erkl\u00e4rungen und innovative L\u00f6sungen f\u00fcr alle Branchen zu liefern.\n                <\/p>\n            <\/div>\n        <\/div>\n\n        <div class=\"section-box-style-1 section-cardboard\">\n            <div class=\"section-colorful-title\">\n                <h3>Bereichsspezifische KI<\/h3>\n            <\/div>\n            <div class=\"section-cardboard__top\">\n                <p>\n Ma\u00dfgeschneiderte KI-Systeme, die speziell f\u00fcr Ihre Branche entwickelt und optimiert wurden, liefern gezielte Erkenntnisse und l\u00f6sen spezielle Herausforderungen mit hoher Pr\u00e4zision.\n                <\/p>\n            <\/div>\n        <\/div>\n\n        <div class=\"section-box-style-1 section-cardboard\">\n            <div class=\"section-colorful-title\">\n                <h3>Technologie-spezifische KI-Plattformen<\/h3>\n            <\/div>\n            <div class=\"section-cardboard__top\">\n                <ul>\n                    <li>\n OpenText Aviator: Optimiert die Verwaltung von Unternehmensinhalten und verbessert die Entscheidungsprozesse.\n                    <\/li>\n                    <li>\n SAP Joule: Optimiert das Enterprise Resource Management durch intelligente Prozessautomatisierung und vorausschauende Analysen.\n                    <\/li>\n                    <li>\n ServiceNow Now Plattform: Automatisiert Arbeitsabl\u00e4ufe und erh\u00f6ht die betriebliche Effizienz mit leistungsstarken KI-gesteuerten Service-Management-Funktionen.\n                    <\/li>\n                    <li>\n Salesforce Einstein: Sorgt f\u00fcr ein intelligenteres Beziehungsmanagement durch vorausschauende Analysen, Personalisierung und umsetzbare Business Intelligence.\n                    <\/li>\n                    <li>\n Microsoft Azure OpenAI: Bietet skalierbare KI-Dienste , die modernste generative KI, Verarbeitung nat\u00fcrlicher Sprache und fortschrittliche Analysen erm\u00f6glichen.\n                    <\/li>\n                <\/ul>\n            <\/div>\n        <\/div>\n    <\/div>\n    <div class=\"tab-content\" id=\"tab5\">\n        <div class=\"tab-content-des\">\n            <h2 class=\"display-6\">\n                <strong>Kostensenkungsorientiertes <\/strong>Informationsmanagement\n            <\/h2>\n            <p>\n Erzielen erheblicher Kosteneinsparungen und Effizienz durch die speziellen Kostensenkungs- l\u00f6sungen von QPES zur:\n            <\/p>\n        <\/div>\n\n        <div class=\"section-box-style-1 section-cardboard\">\n            <div class=\"section-colorful-title\">\n                <h3>Information Governance Management<\/h3>\n            <\/div>\n            <div class=\"section-cardboard__top\">\n                <p>\n Verbesserten Einhaltung von Vorschriften, Reduktion von Risiken und der effizienten Verwaltung Ihrer Informationsbest\u00e4nde.\n                <\/p>\n            <\/div>\n        <\/div>\n\n        <div class=\"section-box-style-1 section-cardboard\">\n            <div class=\"section-colorful-title\">\n                <h3>Content Lifecycle Management<\/h3>\n            <\/div>\n            <div class=\"section-cardboard__top\">\n                <p>\n Optimieren des gesamten Lebenszyklus von Content \u2013 von der Erstellung und Nutzung bis hin zur Archivierung und Compliance gerechten Vernichtung\/L\u00f6schung \u2013 dadurch werden die Kosten f\u00fcr die Speicherung und die Risiken f\u00fcr die Einhaltung von Vorschriften reduziert.\n                <\/p>\n            <\/div>\n        <\/div>\n\n        <div class=\"section-box-style-1 section-cardboard\">\n            <div class=\"section-colorful-title\">\n                <h3>Verwaltung der Stilllegung von Anwendungen<\/h3>\n            <\/div>\n            <div class=\"section-cardboard__top\">\n                <p>\n Sicheres De-Kommissionieren von nicht mehr ben\u00f6tigten Applikationen, sicheres Archivieren kritischer Informationen und erhebliche Reduktion der Betriebs- und Lizenzierungskosten.\n                <\/p>\n            <\/div>\n        <\/div>\n    <\/div>\n    <div class=\"tab-content\" id=\"tab4\">\n        <div class=\"tab-content-des\">\n            <h2 class=\"display-6\">\n                <strong>Gesch\u00e4ftsprozessgesteuertes <\/strong>Informationsmanagement\n            <\/h2>\n            <p>\n Optimieren und Transformieren Ihrer Kerngesch\u00e4ftsprozesse mit unseren umfassenden, integrierten L\u00f6sungen:\n            <\/p>\n        <\/div>\n\n        <div class=\"section-box-style-1 section-cardboard\">\n            <div class=\"section-colorful-title\">\n                <h3>Rechnung-zu-Zahlung<\/h3>\n            <\/div>\n            <div class=\"section-cardboard__top\">\n                <p>\n Automatisieren des Rechnungsverarbeitungsprozesses, Beschleunigung der Zahlungszyklen und Verbesserung des Cashflows.\n                <\/p>\n            <\/div>\n        <\/div>\n\n        <div class=\"section-box-style-1 section-cardboard\">\n            <div class=\"section-colorful-title\">\n                <h3>Procure-to-Pay<\/h3>\n            <\/div>\n            <div class=\"section-cardboard__top\">\n                <p>\n Optimieren des Beschaffungsprozesses von der Anforderung bis zur Zahlung und Sicherstellung von Transparenz und Kosteneinsparungen.\n                <\/p>\n            <\/div>\n        <\/div>\n\n        <div class=\"section-box-style-1 section-cardboard\">\n            <div class=\"section-colorful-title\">\n                <h3>Order-to-Cash<\/h3>\n            <\/div>\n            <div class=\"section-cardboard__top\">\n                <p>\n Verbesserung der Auftragsabwicklung, Reduktion von Fehlern und Beschleunigung der Umsatzzyklen.\n                <\/p>\n            <\/div>\n        <\/div>\n\n        <div class=\"section-box-style-1 section-cardboard\">\n            <div class=\"section-colorful-title\">\n                <h3>Hire-to-Retire<\/h3>\n            <\/div>\n            <div class=\"section-cardboard__top\">\n                <p>\n Effiziente Verwalten des Lebenszyklus eines Mitarbeiters, von der Einstellung bis zur Pensionierung.\n                <\/p>\n            <\/div>\n        <\/div>\n\n        <div class=\"section-box-style-1 section-cardboard\">\n            <div class=\"section-colorful-title\">\n                <h3>Market-to-Contract<\/h3>\n            <\/div>\n            <div class=\"section-cardboard__top\">\n                <p>\n Optimieren der Arbeitsabl\u00e4ufe in der Vertragsverwaltung und Verbesserung der Genauigkeit und die Einhaltung von Vorschriften.\n                <\/p>\n            <\/div>\n        <\/div>\n\n        <div class=\"section-box-style-1 section-cardboard\">\n            <div class=\"section-colorful-title\">\n                <h3>Nachfrage-zu-Lieferungen<\/h3>\n            <\/div>\n            <div class=\"section-cardboard__top\">\n                <p>\n Automatisierung der Nachfrageprognosen und Lieferprozesse f\u00fcr verbesserte Effizienz der Lieferkette.\n                <\/p>\n            <\/div>\n        <\/div>\n\n        <div class=\"section-box-style-1 section-cardboard\">\n            <div class=\"section-colorful-title\">\n                <h3>Verm\u00f6gensverwaltung<\/h3>\n            <\/div>\n            <div class=\"section-cardboard__top\">\n                <p>\n Asset Management: Maximieren der Anlagenauslastung, Reduktion der Ausfallzeiten und Verbesserung der Einhaltung gesetzlicher Vorschriften.\n                <\/p>\n            <\/div>\n        <\/div>\n    <\/div>\n    <div class=\"tab-content\" id=\"tab3\">\n        <div class=\"tab-content-des\">\n            <h2 class=\"display-6\">\n                <strong>Governance-, Risiko- und Compliance (GRC)-gesteuert<\/strong> Informationsmanagement\n            <\/h2>\n            <p>\n Behaltung der Kontrolle und der Compliance mit unseren integrierten GRC-gesteuerten L\u00f6sungen:\n            <\/p>\n        <\/div>\n\n        <div class=\"section-box-style-1 section-cardboard\">\n            <div class=\"section-colorful-title\">\n                <h3>Information Governance Management<\/h3>\n            <\/div>\n            <div class=\"section-cardboard__top\">\n                <p>\n Sicherstellung der Datenqualit\u00e4t, Compliance und effektiven Governance in Ihrem Unternehmen.\n                <\/p>\n            <\/div>\n        <\/div>\n\n        <div class=\"section-box-style-1 section-cardboard\">\n            <div class=\"section-colorful-title\">\n                <h3>Verwaltung von Analysen und Berichten<\/h3>\n            <\/div>\n            <div class=\"section-cardboard__top\">\n                <p>\n Herbeif\u00fchren tiefer Einblicke durch fortschrittliche Analysen und Erm\u00f6glichung proaktiver Entscheidungsfindungen und Risikominderungen.\n                <\/p>\n            <\/div>\n        <\/div>\n\n        <div class=\"section-box-style-1 section-cardboard\">\n            <div class=\"section-colorful-title\">\n                <h3>Archivierung von Informationen und Verwaltung von Unterlagen<\/h3>\n            <\/div>\n            <div class=\"section-cardboard__top\">\n                <p>\n Sicheres Archivieren und Verwalten von Aufzeichnungen unter strikter Einhaltung der gesetzlichen Vorschriften und Vereinfachung von Abfragen.\n                <\/p>\n            <\/div>\n        <\/div>\n    <\/div>\n    <div class=\"tab-content\" id=\"tab2\">\n        <div class=\"tab-content-des\">\n            <h2 class=\"display-6\">\n                <strong>Technologiegest\u00fctztes <\/strong>Informationsmanagement\n            <\/h2>\n            <p>\n Profitieren von unseren umfassenden Erfahrungen mit branchenf\u00fchrenden Plattformen und ganzheitlichen, ma\u00dfgeschneiderten L\u00f6sungen\n            <\/p>\n        <\/div>\n\n        <div class=\"section-box-style-1 section-cardboard\">\n            <div class=\"section-colorful-title\">\n                <h3>OpenText<\/h3>\n            <\/div>\n            <div class=\"section-cardboard__top\">\n                <ul>\n                    <li>\n Umfassende Governance-L\u00f6sungen, Verwaltung des Lebenszyklus und De-Kommissionierungen.\n                    <\/li>\n                    <li>\n Spezialisierte L\u00f6sungen f\u00fcr regulierte Branchen wie Life Sciences, High-Tech, Nahrungsmittel, Finanzdienstleister und Beh\u00f6rden.\n                    <\/li>\n                    <li>\n Erweiterte ECM-Integrationen (SAP, SuccessFactors, ServiceNow, Salesforce, Microsoft Office &#038; Dynamics 365).\n                    <\/li>\n                    <li>\n Robuste L\u00f6sungen in den Bereichen Capture, Case Management, Kommunikation, Datenschutz, Dokumentengenerierung und Identity Management.\n                    <\/li>\n                <\/ul>\n            <\/div>\n        <\/div>\n\n        <div class=\"section-box-style-1 section-cardboard\">\n            <div class=\"section-colorful-title\">\n                <h3>SAP<\/h3>\n            <\/div>\n            <div class=\"section-cardboard__top\">\n                <ul>\n                    <li>\n SAP\/SuccessFactors-Integration, SAP BTP Services und zentrale Rechnungsverwaltung \u00fcber S\/4HANA Public Cloud.\n                    <\/li>\n                <\/ul>\n            <\/div>\n        <\/div>\n\n        <div class=\"section-box-style-1 section-cardboard\">\n            <div class=\"section-colorful-title\">\n                <h3>Digitale Signatur \u2013 DocuSign &#038; AdobeSign<\/h3>\n            <\/div>\n            <div class=\"section-cardboard__top\">\n                <ul>\n                    <li>\n Sichere, zuverl\u00e4ssige L\u00f6sungen f\u00fcr digitale Signaturen, die in zentrale Gesch\u00e4ftsabl\u00e4ufe integriert werden\n                    <\/li>\n                <\/ul>\n            <\/div>\n        <\/div>\n\n        <div class=\"section-box-style-1 section-cardboard\">\n            <div class=\"section-colorful-title\">\n                <h3>ServiceNow (von Fortuna-Services)<\/h3>\n            <\/div>\n            <div class=\"section-cardboard__top\">\n                <ul>\n                    <li>\n Integration Hub, Governance, HR-L\u00f6sungen, Kunden- und IT-Service-Management-L\u00f6sungen.\n                    <\/li>\n                <\/ul>\n            <\/div>\n        <\/div>\n\n        <div class=\"section-box-style-1 section-cardboard\">\n            <div class=\"section-colorful-title\">\n                <h3>Salesforce (von Fortuna-Services)<\/h3>\n            <\/div>\n            <div class=\"section-cardboard__top\">\n                <ul>\n                    <li>\n Integrierte L\u00f6sungen mit MuleSoft, Marketing Cloud, Commerce Cloud, Sales Cloud und Service Cloud.\n                    <\/li>\n                <\/ul>\n            <\/div>\n        <\/div>\n\n        <div class=\"section-box-style-1 section-cardboard\">\n            <div class=\"section-colorful-title\">\n                <h3>Microsoft Dynamics 365 (von Fortuna-Services)<\/h3>\n            <\/div>\n            <div class=\"section-cardboard__top\">\n                <ul>\n                    <li>\n End-to-End-L\u00f6sungen f\u00fcr Dynamics 365, ma\u00dfgeschneidert f\u00fcr CRM und ERP Excellence.\n                    <\/li>\n                <\/ul>\n            <\/div>\n        <\/div>\n\n        <div class=\"section-box-style-1 section-cardboard\">\n            <div class=\"section-colorful-title\">\n                <h3>Confluent (von Fortuna Services)<\/h3>\n            <\/div>\n            <div class=\"section-cardboard__top\">\n                <ul>\n                    <li>\n Skalierbare Echtzeit-Daten-Streaming- und Verarbeitungsl\u00f6sungen (Details in K\u00fcrze).\n                    <\/li>\n                <\/ul>\n            <\/div>\n        <\/div>\n\n        <div class=\"section-box-style-1 section-cardboard\">\n            <div class=\"section-colorful-title\">\n                <h3>Cirro Integration &#038; Migration Suites (von Cirro)<\/h3>\n            <\/div>\n            <div class=\"section-cardboard__top\">\n                <ul>\n                    <li>\n Vereinfachen und Beschleunigen von komplexen Systemintegrationen und -Migrationen mit unseren bew\u00e4hrten Cirro Integration und Migration Suites.\n                    <\/li>\n                <\/ul>\n            <\/div>\n        <\/div>\n    <\/div>\n<\/div>\n\n\n\n<div style=\"height:8rem\" aria-hidden=\"true\" class=\"wp-block-spacer\"><\/div>\n<\/div><\/div>\n<\/div><\/section>\n\n<section id=\"contactform\" class=\"wp-block-group section-contact-form\"><div class=\"wp-block-group__inner-container is-layout-constrained wp-block-group-is-layout-constrained\">\n<div class=\"wp-block-group container\"><div class=\"wp-block-group__inner-container is-layout-constrained wp-block-group-is-layout-constrained\">\n<div style=\"height:4rem\" aria-hidden=\"true\" class=\"wp-block-spacer\"><\/div>\n\n\n\n<div class=\"wp-block-group section-contact-form__title\"><div class=\"wp-block-group__inner-container is-layout-constrained wp-block-group-is-layout-constrained\">\n<h2 class=\"wp-block-heading has-text-align-center display-3\" style=\"padding-bottom:1.5rem\"><strong>Kontaktieren Sie<\/strong> uns<\/h2>\n\n\n\n<p class=\"has-text-align-center\">Sind Sie daran interessiert, mit uns Gesch\u00e4fte zu machen? Schreiben Sie uns einfach eine Nachricht.<\/p>\n<\/div><\/div>\n\n\n\n<div class=\"wp-block-group section-contact-form__content\"><div class=\"wp-block-group__inner-container is-layout-constrained wp-block-group-is-layout-constrained\">\n\n<div class=\"wpcf7 no-js\" id=\"wpcf7-f1538-o1\" lang=\"de-DE\" dir=\"ltr\" data-wpcf7-id=\"1538\">\n<div class=\"screen-reader-response\"><p role=\"status\" aria-live=\"polite\" aria-atomic=\"true\"><\/p> <ul><\/ul><\/div>\n<form action=\"\/de\/wp-json\/wp\/v2\/pages\/1545#wpcf7-f1538-o1\" method=\"post\" class=\"wpcf7-form init\" aria-label=\"Kontaktformular\" novalidate=\"novalidate\" data-status=\"init\">\n<fieldset class=\"hidden-fields-container\"><input type=\"hidden\" name=\"_wpcf7\" value=\"1538\" \/><input type=\"hidden\" name=\"_wpcf7_version\" value=\"6.1.5\" \/><input type=\"hidden\" name=\"_wpcf7_locale\" value=\"de_DE\" \/><input type=\"hidden\" name=\"_wpcf7_unit_tag\" value=\"wpcf7-f1538-o1\" \/><input type=\"hidden\" name=\"_wpcf7_container_post\" value=\"0\" \/><input type=\"hidden\" name=\"_wpcf7_posted_data_hash\" value=\"\" \/><input type=\"hidden\" name=\"_wpcf7_recaptcha_response\" value=\"\" \/>\n<\/fieldset>\n<div class=\"row gx-5 gy-3\">\n\t<div class=\"col-md-4\">\n\t\t<p><span class=\"wpcf7-form-control-wrap\" data-name=\"your-name\"><input size=\"40\" maxlength=\"400\" class=\"wpcf7-form-control wpcf7-text wpcf7-validates-as-required\" aria-required=\"true\" aria-invalid=\"false\" placeholder=\"Ihr Name\" value=\"\" type=\"text\" name=\"your-name\" \/><\/span>\n\t\t<\/p>\n\t<\/div>\n\t<div class=\"col-md-4\">\n\t\t<p><span class=\"wpcf7-form-control-wrap\" data-name=\"your-phone\"><input size=\"40\" maxlength=\"400\" class=\"wpcf7-form-control wpcf7-tel wpcf7-validates-as-required wpcf7-text wpcf7-validates-as-tel\" aria-required=\"true\" aria-invalid=\"false\" placeholder=\"Ihre Telefonnummer\" value=\"\" type=\"tel\" name=\"your-phone\" \/><\/span>\n\t\t<\/p>\n\t<\/div>\n\t<div class=\"col-md-4\">\n\t\t<p><span class=\"wpcf7-form-control-wrap\" data-name=\"your-email\"><input size=\"40\" maxlength=\"400\" class=\"wpcf7-form-control wpcf7-email wpcf7-validates-as-required wpcf7-text wpcf7-validates-as-email\" aria-required=\"true\" aria-invalid=\"false\" placeholder=\"Ihre E-Mail\" value=\"\" type=\"email\" name=\"your-email\" \/><\/span>\n\t\t<\/p>\n\t<\/div>\n\t<div class=\"col-sm-12\">\n\t\t<p><span class=\"wpcf7-form-control-wrap\" data-name=\"your-message\"><textarea cols=\"40\" rows=\"10\" maxlength=\"2000\" class=\"wpcf7-form-control wpcf7-textarea\" aria-invalid=\"false\" placeholder=\"Nachricht schreiben\" name=\"your-message\"><\/textarea><\/span>\n\t\t<\/p>\n\t<\/div>\n\t<div class=\"col-sm-6\">\n\t\t<p><span class=\"wpcf7-form-control-wrap\" data-name=\"consent-checkbox\"><span class=\"wpcf7-form-control wpcf7-acceptance\"><span class=\"wpcf7-list-item\"><label><input type=\"checkbox\" name=\"consent-checkbox\" value=\"1\" aria-invalid=\"false\" \/><span class=\"wpcf7-list-item-label\">Ich stimme den Bedingungen zu<\/span><\/label><\/span><\/span><\/span>\n\t\t<\/p>\n\t<\/div>\n\t<div class=\"col-sm-6\">\n\t\t<div class=\"contact-form-button\">\n\t\t\t<p><input class=\"wpcf7-form-control wpcf7-submit has-spinner\" type=\"submit\" value=\"Schicken\" \/>\n\t\t\t<\/p>\n\t\t<\/div>\n\t<\/div>\n<\/div><div class=\"wpcf7-response-output\" aria-hidden=\"true\"><\/div>\n<\/form>\n<\/div>\n\n<\/div><\/div>\n\n\n\n<div style=\"height:4rem\" aria-hidden=\"true\" class=\"wp-block-spacer\"><\/div>\n<\/div><\/div>\n<\/div><\/section>\n","protected":false},"excerpt":{"rendered":"<p>L\u00f6sungen Informationsmanagement (IM) K\u00fcnstliche Intelligenz als Grundlage f\u00fcr IM Kostenreduzierung durch IM Gesch\u00e4ftsprozessgesteuertes IM GRC-gesteuerte IM Technologiegest\u00fctztes IM Durch k\u00fcnstliche Intelligenz gesteuerte Informationen Management Aussch\u00f6pfen des vollen Potenzials fortschrittlicher KI-Technologien [&hellip;]<\/p>\n","protected":false},"author":1,"featured_media":0,"parent":0,"menu_order":0,"comment_status":"closed","ping_status":"closed","template":"","meta":{"om_disable_all_campaigns":false,"_monsterinsights_skip_tracking":false,"_monsterinsights_sitenote_active":false,"_monsterinsights_sitenote_note":"","_monsterinsights_sitenote_category":0,"footnotes":""},"class_list":["post-1545","page","type-page","status-publish","hentry"],"aioseo_notices":[],"_links":{"self":[{"href":"https:\/\/qpes.com\/de\/wp-json\/wp\/v2\/pages\/1545","targetHints":{"allow":["GET"]}}],"collection":[{"href":"https:\/\/qpes.com\/de\/wp-json\/wp\/v2\/pages"}],"about":[{"href":"https:\/\/qpes.com\/de\/wp-json\/wp\/v2\/types\/page"}],"author":[{"embeddable":true,"href":"https:\/\/qpes.com\/de\/wp-json\/wp\/v2\/users\/1"}],"replies":[{"embeddable":true,"href":"https:\/\/qpes.com\/de\/wp-json\/wp\/v2\/comments?post=1545"}],"version-history":[{"count":10,"href":"https:\/\/qpes.com\/de\/wp-json\/wp\/v2\/pages\/1545\/revisions"}],"predecessor-version":[{"id":5719,"href":"https:\/\/qpes.com\/de\/wp-json\/wp\/v2\/pages\/1545\/revisions\/5719"}],"wp:attachment":[{"href":"https:\/\/qpes.com\/de\/wp-json\/wp\/v2\/media?parent=1545"}],"curies":[{"name":"wp","href":"https:\/\/api.w.org\/{rel}","templated":true}]}}