{"id":1764,"date":"2025-06-11T15:22:35","date_gmt":"2025-06-11T15:22:35","guid":{"rendered":"https:\/\/qpes.com\/optimieren-sie-das-sap-rechnungsmanagement-mit-qpes-ams-vim\/"},"modified":"2025-07-14T15:53:56","modified_gmt":"2025-07-14T15:53:56","slug":"optimieren-sie-das-sap-rechnungsmanagement-mit-qpes-ams-vim","status":"publish","type":"page","link":"https:\/\/qpes.com\/de\/optimieren-sie-das-sap-rechnungsmanagement-mit-qpes-ams-vim\/","title":{"rendered":"Optimieren Sie das SAP-Rechnungsmanagement mit QPES AMS + VIM"},"content":{"rendered":"\n<section class=\"wp-block-group section-keyvisual\"><div class=\"wp-block-group__inner-container is-layout-constrained wp-block-group-is-layout-constrained\">\n<div class=\"wp-block-group\"><div class=\"wp-block-group__inner-container is-layout-constrained wp-block-group-is-layout-constrained\">\n<figure class=\"wp-block-image size-large d-none d-md-block\"><img loading=\"lazy\" decoding=\"async\" width=\"1024\" height=\"240\" src=\"https:\/\/qpes.com\/wp-content\/uploads\/2023\/08\/services-1024x240.jpg\" alt=\"Qpes Dienstleistungen\" class=\"wp-image-719\" title=\"Qpes Nachrichten\" srcset=\"https:\/\/qpes.com\/wp-content\/uploads\/2023\/08\/services-1024x240.jpg 1024w, https:\/\/qpes.com\/wp-content\/uploads\/2023\/08\/services-300x70.jpg 300w, https:\/\/qpes.com\/wp-content\/uploads\/2023\/08\/services-768x180.jpg 768w, https:\/\/qpes.com\/wp-content\/uploads\/2023\/08\/services-1536x360.jpg 1536w, https:\/\/qpes.com\/wp-content\/uploads\/2023\/08\/services.jpg 1920w\" sizes=\"auto, (max-width: 1024px) 100vw, 1024px\" \/><\/figure>\n\n\n\n<figure class=\"wp-block-image size-full d-block d-md-none\"><img loading=\"lazy\" decoding=\"async\" width=\"767\" height=\"280\" src=\"https:\/\/qpes.com\/wp-content\/uploads\/2023\/08\/services-mobile.jpg\" alt=\"Qpes Dienstleistungen\" class=\"wp-image-718\" title=\"Qpes Nachrichten\" srcset=\"https:\/\/qpes.com\/wp-content\/uploads\/2023\/08\/services-mobile.jpg 767w, https:\/\/qpes.com\/wp-content\/uploads\/2023\/08\/services-mobile-300x110.jpg 300w\" sizes=\"auto, (max-width: 767px) 100vw, 767px\" \/><\/figure>\n<\/div><\/div>\n<\/div><\/section>\n\n<section class=\"wp-block-group section-services section-bck-1\"><div class=\"wp-block-group__inner-container is-layout-constrained wp-block-group-is-layout-constrained\">\n<div class=\"wp-block-group container\"><div class=\"wp-block-group__inner-container is-layout-constrained wp-block-group-is-layout-constrained\">\n<div style=\"height:4rem\" aria-hidden=\"true\" class=\"wp-block-spacer\"><\/div>\n\n\n\n<h1 class=\"wp-block-heading has-text-align-center display-3\" style=\"padding-bottom:1rem\"><strong><strong>Rationalisierung der Rechnungsverarbeitung in SAP mit AMS + VIM von QPES<\/strong><\/strong><\/h1>\n\n\n\n<h2 class=\"wp-block-heading has-text-align-center\" style=\"padding-bottom:4rem\"><strong>Optimieren der Effizienz. Verbessern der Compliance. Reduzieren der Kosten.  <\/strong><\/h2>\n\n\n\n<div class=\"wp-block-group\"><div class=\"wp-block-group__inner-container is-layout-constrained wp-block-group-is-layout-constrained\">\n<div class=\"wp-block-columns section-column-reverse is-layout-flex wp-container-core-columns-is-layout-9d6595d7 wp-block-columns-is-layout-flex\">\n<div class=\"wp-block-column section-services__img animate-element animate-element-left is-layout-flow wp-block-column-is-layout-flow\" style=\"flex-basis:50%\">\n<figure class=\"wp-block-image size-full\"><img loading=\"lazy\" decoding=\"async\" width=\"690\" height=\"460\" src=\"https:\/\/qpes.com\/wp-content\/uploads\/2025\/06\/invoice-management.jpg\" alt=\"\" class=\"wp-image-1680\" srcset=\"https:\/\/qpes.com\/wp-content\/uploads\/2025\/06\/invoice-management.jpg 690w, https:\/\/qpes.com\/wp-content\/uploads\/2025\/06\/invoice-management-300x200.jpg 300w\" sizes=\"auto, (max-width: 690px) 100vw, 690px\" \/><\/figure>\n<\/div>\n\n\n\n<div class=\"wp-block-column section-services__content animate-element animate-element-right is-layout-flow wp-block-column-is-layout-flow\" style=\"flex-basis:50%\">\n<div class=\"wp-block-group section-services__list\"><div class=\"wp-block-group__inner-container is-layout-constrained wp-block-group-is-layout-constrained\">\n<h2 class=\"wp-block-heading has-text-align-left display-6\" style=\"padding-bottom:1.5rem\">Warum sollten Sie QPES f\u00fcr <strong>Ihr SAP-Rechnungsmanagement w\u00e4hlen ?<\/strong><\/h2>\n\n\n\n<p>Die Rechnungsverarbeitung in SAP muss nicht komplex oder ressourcenintensiv sein. Mit Application Management Services (AMS) und VIM-basierten L\u00f6sungen von OpenText hilft QPES Ihnen, die Kontrolle \u00fcber Ihre Finanzprozesse zu \u00fcbernehmen \u2013 von Invoice-To-Pay, Procure-To-Pay bis hin zu Order-to-Cash. Ganz gleich, ob Sie mit SAP ECC oder S\/4HANA arbeiten, wir passen unsere Dienstleistungen an Ihre Bed\u00fcrfnisse an.  <\/p>\n<\/div><\/div>\n<\/div>\n<\/div>\n\n\n\n<div style=\"height:4rem\" aria-hidden=\"true\" class=\"wp-block-spacer\"><\/div>\n\n\n\n<div class=\"wp-block-columns is-layout-flex wp-container-core-columns-is-layout-9d6595d7 wp-block-columns-is-layout-flex\">\n<div class=\"wp-block-column section-services__content animate-element animate-element-left is-layout-flow wp-block-column-is-layout-flow\" style=\"flex-basis:50%\">\n<div class=\"wp-block-group section-services__list-right\"><div class=\"wp-block-group__inner-container is-layout-constrained wp-block-group-is-layout-constrained\">\n<h2 class=\"wp-block-heading has-text-align-left display-6\" style=\"padding-bottom:1.5rem\">Was Sie mit QPES <strong>AMS f\u00fcr VIM<\/strong> erhalten<\/h2>\n\n\n\n<ul class=\"wp-block-list\">\n<li>System\u00fcberwachung in Echtzeit \u2013 Sorgenfreier, reibungsloser Betrieb Ihres SAP VIM-Systems, indem proaktiv Probleme erkannt und gel\u00f6st werden. <\/li>\n\n\n\n<li>Expert Incident &amp; Problem Management \u2013 Minimieren von Ausfallzeiten und St\u00f6rungen durch schnelle Reaktion und Ursachenanalyse. <\/li>\n\n\n\n<li>Benutzerdefinierte Erweiterungen &amp; Prozessautomatisierung \u2013 Anpassen Ihrer Arbeitsabl\u00e4ufe und Automatisieren dieser f\u00fcr maximale Effizienz und Kontrolle. <\/li>\n\n\n\n<li>SAP-Integration und Einhaltung von Vorschriften \u2013 Nahtlose Anpassung an Ihr SAP-System und Einhaltung der lokalen eInvoicing-\/Steuerbestimmungen. <\/li>\n\n\n\n<li>Fortlaufender Support &amp; Optimierung \u2013 Von Upgrades und Patch-Management bis hin zu Benutzerschulungen und Wissensaustausch \u2013 wir \u00fcbernehmen alles f\u00fcr Sie.<\/li>\n<\/ul>\n<\/div><\/div>\n<\/div>\n\n\n\n<div class=\"wp-block-column section-services__img animate-element animate-element-right is-layout-flow wp-block-column-is-layout-flow\" style=\"flex-basis:50%\"><div class=\"wp-block-image\">\n<figure class=\"alignright size-full\"><img loading=\"lazy\" decoding=\"async\" width=\"690\" height=\"460\" src=\"https:\/\/qpes.com\/wp-content\/uploads\/2025\/06\/what-u-get-with.jpg\" alt=\"\" class=\"wp-image-1682\" srcset=\"https:\/\/qpes.com\/wp-content\/uploads\/2025\/06\/what-u-get-with.jpg 690w, https:\/\/qpes.com\/wp-content\/uploads\/2025\/06\/what-u-get-with-300x200.jpg 300w\" sizes=\"auto, (max-width: 690px) 100vw, 690px\" \/><\/figure>\n<\/div><\/div>\n<\/div>\n\n\n\n<div style=\"height:4rem\" aria-hidden=\"true\" class=\"wp-block-spacer\"><\/div>\n\n\n\n<div class=\"wp-block-columns section-column-reverse is-layout-flex wp-container-core-columns-is-layout-9d6595d7 wp-block-columns-is-layout-flex\">\n<div class=\"wp-block-column section-services__img animate-element animate-element-left is-layout-flow wp-block-column-is-layout-flow\" style=\"flex-basis:50%\">\n<figure class=\"wp-block-image size-full is-style-default\"><img loading=\"lazy\" decoding=\"async\" width=\"690\" height=\"460\" src=\"https:\/\/qpes.com\/wp-content\/uploads\/2025\/06\/solutions.jpg\" alt=\"\" class=\"wp-image-1686\" srcset=\"https:\/\/qpes.com\/wp-content\/uploads\/2025\/06\/solutions.jpg 690w, https:\/\/qpes.com\/wp-content\/uploads\/2025\/06\/solutions-300x200.jpg 300w\" sizes=\"auto, (max-width: 690px) 100vw, 690px\" \/><\/figure>\n<\/div>\n\n\n\n<div class=\"wp-block-column section-services__content animate-element animate-element-right is-layout-flow wp-block-column-is-layout-flow\" style=\"flex-basis:50%\">\n<div class=\"wp-block-group section-services__list\"><div class=\"wp-block-group__inner-container is-layout-constrained wp-block-group-is-layout-constrained\">\n<h2 class=\"wp-block-heading has-text-align-left display-6\" style=\"padding-bottom:1.5rem\">Unsere <strong>VIM-basierten L\u00f6sungen<\/strong> umfassen<\/h2>\n\n\n\n<ul class=\"wp-block-list\">\n<li>Invoice-To-Pay (I2P) <\/li>\n\n\n\n<li>Procure-To-Pay (P2P) <\/li>\n\n\n\n<li>Order-To-Cash (O2C) <\/li>\n\n\n\n<li>SAP-Daten- &amp; Dokumentenarchivierung<\/li>\n\n\n\n<li>Elektronische Rechnungsverarbeitung (Hybrid und Standard) <\/li>\n\n\n\n<li>Digitale Dokumentenerfassung und -Klassifizierung <\/li>\n\n\n\n<li>Compliance-konforme Pr\u00fcfpfade<\/li>\n<\/ul>\n<\/div><\/div>\n<\/div>\n<\/div>\n\n\n\n<div style=\"height:4rem\" aria-hidden=\"true\" class=\"wp-block-spacer\"><\/div>\n\n\n\n<div class=\"wp-block-columns is-layout-flex wp-container-core-columns-is-layout-9d6595d7 wp-block-columns-is-layout-flex\">\n<div class=\"wp-block-column section-services__content animate-element animate-element-left is-layout-flow wp-block-column-is-layout-flow\" style=\"flex-basis:50%\">\n<div class=\"wp-block-group section-services__list-right\"><div class=\"wp-block-group__inner-container is-layout-constrained wp-block-group-is-layout-constrained\">\n<h2 class=\"wp-block-heading has-text-align-left display-6\" style=\"padding-bottom:1.5rem\">Warum es <strong>wichtig ist<\/strong><\/h2>\n\n\n\n<ul class=\"wp-block-list\">\n<li>Verringern der Rechnungsverarbeitungszyklen <\/li>\n\n\n\n<li>Verbessern der Genauigkeit und Reduzieren der manuellen Fehler <\/li>\n\n\n\n<li>Verbessern der kontaktlosen Buchungen und die durchg\u00e4ngige Verarbeitung <\/li>\n\n\n\n<li>Sicherstellung der finanziellen Transparenz und Kontrolle <\/li>\n\n\n\n<li>Verbesserung der Zufriedenheit der Lieferanten <\/li>\n<\/ul>\n<\/div><\/div>\n<\/div>\n\n\n\n<div class=\"wp-block-column section-services__img animate-element animate-element-right is-layout-flow wp-block-column-is-layout-flow\" style=\"flex-basis:50%\"><div class=\"wp-block-image is-style-default\">\n<figure class=\"alignright size-full\"><img loading=\"lazy\" decoding=\"async\" width=\"690\" height=\"479\" src=\"https:\/\/qpes.com\/wp-content\/uploads\/2025\/06\/why-it-matteres-2.jpg\" alt=\"\" class=\"wp-image-1690\" style=\"object-fit:cover\" srcset=\"https:\/\/qpes.com\/wp-content\/uploads\/2025\/06\/why-it-matteres-2.jpg 690w, https:\/\/qpes.com\/wp-content\/uploads\/2025\/06\/why-it-matteres-2-300x208.jpg 300w\" sizes=\"auto, (max-width: 690px) 100vw, 690px\" \/><\/figure>\n<\/div><\/div>\n<\/div>\n<\/div><\/div>\n\n\n\n<div style=\"height:4rem\" aria-hidden=\"true\" class=\"wp-block-spacer\"><\/div>\n<\/div><\/div>\n<\/div><\/section>\n\n<section class=\"wp-block-group section-solutions section-bck-1\"><div class=\"wp-block-group__inner-container is-layout-constrained wp-block-group-is-layout-constrained\">\n<div class=\"wp-block-group container\"><div class=\"wp-block-group__inner-container is-layout-constrained wp-block-group-is-layout-constrained\">\n<h1 class=\"wp-block-heading has-text-align-center display-3\" style=\"padding-bottom:3rem\"><strong><strong><strong>AMS Anwendungsfall<\/strong><\/strong><\/strong><\/h1>\n\n\n\n<div id=\"enterprise\" class=\"wp-block-group section-box-style-1 section-cardboard\"><div class=\"wp-block-group__inner-container is-layout-constrained wp-block-group-is-layout-constrained\">\n<div class=\"wp-block-group section-colorful-title\"><div class=\"wp-block-group__inner-container is-layout-constrained wp-block-group-is-layout-constrained\">\n<h3 class=\"wp-block-heading has-text-align-center mb-0\" style=\"padding-bottom:0\"><strong>AMS Anwendungsfall Leistungsversprechen<\/strong><\/h3>\n<\/div><\/div>\n\n\n\n<div class=\"wp-block-group section-cardboard__top\"><div class=\"wp-block-group__inner-container is-layout-constrained wp-block-group-is-layout-constrained\">\n<p>Die von der Just-Faster Group angebotenen Application Management Services (AMS) f\u00fcr Vendor Invoice Management (VIM) optimieren Ihre Rechnungsbearbeitung durch kontinuierliche Systemverbesserung und fachkundiges Management. Zu den wichtigsten Vorteilen geh\u00f6ren eine verbesserte Systemstabilit\u00e4t, weniger Fehler bei der Rechnungsverarbeitung, optimierte Finanzabl\u00e4ufe und die dauerhafte Einhaltung gesetzlicher Vorschriften. Wenn Sie mit uns zusammenarbeiten, profitieren Sie von einem verbesserten Cashflow-Management und einer deutlichen Reduzierung des Verwaltungsaufwands.  <\/p>\n<\/div><\/div>\n<\/div><\/div>\n\n\n\n<div style=\"height:4rem\" aria-hidden=\"true\" class=\"wp-block-spacer\"><\/div>\n\n\n\n<div class=\"wp-block-group section-box-style-1 section-cardboard\"><div class=\"wp-block-group__inner-container is-layout-constrained wp-block-group-is-layout-constrained\">\n<div class=\"wp-block-group section-colorful-title\"><div class=\"wp-block-group__inner-container is-layout-constrained wp-block-group-is-layout-constrained\">\n<h3 class=\"wp-block-heading has-text-align-center mb-0\" style=\"padding-bottom:0\"><strong>AMS Anwendungsfall Web Content<\/strong><\/h3>\n<\/div><\/div>\n\n\n\n<div class=\"wp-block-group section-cardboard__top\"><div class=\"wp-block-group__inner-container is-layout-constrained wp-block-group-is-layout-constrained\">\n<p>Sch\u00f6pfen Sie mit den Application Management Services (AMS) der Just-Faster Group das volle Potenzial Ihres Kreditorenrechnungsmanagements aus. Unsere AMS-Angebote wurden sorgf\u00e4ltig entwickelt, um unterbrechungsfreie, leistungsstarke L\u00f6sungen f\u00fcr die Rechnungsbearbeitung zu liefern, die auf Ihre sich entwickelnden Gesch\u00e4ftsanforderungen zugeschnitten sind. <\/p>\n\n\n\n<p>Die Dienstleistungen umfassen<\/p>\n\n\n\n<ul class=\"wp-block-list no-column-count\">\n<li><strong>System\u00fcberwachung in Echtzeit: <\/strong>Identifizieren von Problemen, bevor sie entstehen.<\/li>\n\n\n\n<li><strong>Umfassendes Problem-Management:<\/strong> Schnelles Ansprechen und L\u00f6sen von Betriebsst\u00f6rungen.<\/li>\n\n\n\n<li><strong>Ma\u00dfgeschneiderte Systemverbesserungen:<\/strong> Regelm\u00e4\u00dfige Updates und Anpassungen f\u00fcr maximale Effizienz.<\/li>\n\n\n\n<li><strong>Robuste Automatisierungsl\u00f6sungen:<\/strong> Effizientes Verwalten gro\u00dfer Mengen von Rechnungen.<\/li>\n\n\n\n<li><strong>Compliance und Einhaltung von Vorschriften:<\/strong> Vereinfachung komplexer Compliance-Herausforderungen.<\/li>\n<\/ul>\n\n\n\n<p>Profitieren von nahtlosen Integrationen, robuster Sicherheit und unvergleichlicher Effizienz.<\/p>\n<\/div><\/div>\n<\/div><\/div>\n\n\n\n<div style=\"height:4rem\" aria-hidden=\"true\" class=\"wp-block-spacer\"><\/div>\n<\/div><\/div>\n<\/div><\/section>\n\n<section class=\"wp-block-group section-services section-bck-1\"><div class=\"wp-block-group__inner-container is-layout-constrained wp-block-group-is-layout-constrained\">\n<div class=\"wp-block-group container\"><div class=\"wp-block-group__inner-container is-layout-constrained wp-block-group-is-layout-constrained\">\n<div style=\"height:4rem\" aria-hidden=\"true\" class=\"wp-block-spacer\"><\/div>\n\n\n\n<div class=\"wp-block-group\"><div class=\"wp-block-group__inner-container is-layout-constrained wp-block-group-is-layout-constrained\">\n<div class=\"wp-block-columns section-column-reverse is-layout-flex wp-container-core-columns-is-layout-9d6595d7 wp-block-columns-is-layout-flex\">\n<div class=\"wp-block-column section-services__img animate-element animate-element-left is-layout-flow wp-block-column-is-layout-flow\" style=\"flex-basis:50%\">\n<figure class=\"wp-block-image size-full\"><img loading=\"lazy\" decoding=\"async\" width=\"690\" height=\"459\" src=\"https:\/\/qpes.com\/wp-content\/uploads\/2025\/06\/trusted-by.jpg\" alt=\"\" class=\"wp-image-1688\" srcset=\"https:\/\/qpes.com\/wp-content\/uploads\/2025\/06\/trusted-by.jpg 690w, https:\/\/qpes.com\/wp-content\/uploads\/2025\/06\/trusted-by-300x200.jpg 300w\" sizes=\"auto, (max-width: 690px) 100vw, 690px\" \/><\/figure>\n<\/div>\n\n\n\n<div class=\"wp-block-column section-services__content animate-element animate-element-right is-layout-flow wp-block-column-is-layout-flow\" style=\"flex-basis:50%\">\n<div class=\"wp-block-group section-services__list\"><div class=\"wp-block-group__inner-container is-layout-constrained wp-block-group-is-layout-constrained\">\n<h2 class=\"wp-block-heading has-text-align-left display-6\" style=\"padding-bottom:1.5rem\">Vertrauen von <strong>Branchenf\u00fchrern<\/strong><\/h2>\n\n\n\n<p>QPES ist ein erfahrener OpenText-Partner mit einer Erfolgsbilanz bei der Bereitstellung von skalierbaren, sicheren und konformen AMS- und VIM-L\u00f6sungen in verschiedenen Branchen und Regionen.<\/p>\n<\/div><\/div>\n<\/div>\n<\/div>\n\n\n\n<div style=\"height:4rem\" aria-hidden=\"true\" class=\"wp-block-spacer\"><\/div>\n\n\n\n<div class=\"wp-block-columns is-layout-flex wp-container-core-columns-is-layout-9d6595d7 wp-block-columns-is-layout-flex\">\n<div class=\"wp-block-column section-services__content animate-element animate-element-left is-layout-flow wp-block-column-is-layout-flow\" style=\"flex-basis:50%\">\n<div class=\"wp-block-group section-services__list-right\"><div class=\"wp-block-group__inner-container is-layout-constrained wp-block-group-is-layout-constrained\">\n<h2 class=\"wp-block-heading has-text-align-left display-6\" style=\"padding-bottom:1.5rem\"><strong>Fangen wir an<\/strong><\/h2>\n\n\n\n<p>Sind Sie bereit, Ihre SAP-Rechnungsprozesse zu optimieren? Unsere Experten zeigen Ihnen, wie. <\/p>\n\n\n\n<ul class=\"wp-block-list\">\n<li>Buchen Sie eine kostenlose Konsultation<\/li>\n\n\n\n<li>Download Solution Brief<\/li>\n<\/ul>\n\n\n\n<p>Oder kontaktieren Sie uns direkt: <a href=\"mailto:ams@qpes.tech\" title=\"\">ams@qpes.tech<\/a><\/p>\n<\/div><\/div>\n<\/div>\n\n\n\n<div class=\"wp-block-column section-services__img animate-element animate-element-right is-layout-flow wp-block-column-is-layout-flow\" style=\"flex-basis:50%\"><div class=\"wp-block-image\">\n<figure class=\"alignright size-full\"><img loading=\"lazy\" decoding=\"async\" width=\"690\" height=\"460\" src=\"https:\/\/qpes.com\/wp-content\/uploads\/2025\/06\/lets-get-started.jpg\" alt=\"\" class=\"wp-image-1692\" srcset=\"https:\/\/qpes.com\/wp-content\/uploads\/2025\/06\/lets-get-started.jpg 690w, https:\/\/qpes.com\/wp-content\/uploads\/2025\/06\/lets-get-started-300x200.jpg 300w\" sizes=\"auto, (max-width: 690px) 100vw, 690px\" \/><\/figure>\n<\/div><\/div>\n<\/div>\n\n\n\n<div style=\"height:4rem\" aria-hidden=\"true\" class=\"wp-block-spacer\"><\/div>\n\n\n\n<div class=\"wp-block-columns section-column-reverse is-layout-flex wp-container-core-columns-is-layout-9d6595d7 wp-block-columns-is-layout-flex\">\n<div class=\"wp-block-column section-services__img animate-element animate-element-left is-layout-flow wp-block-column-is-layout-flow\" style=\"flex-basis:50%\">\n<figure class=\"wp-block-image size-full is-style-default\"><img loading=\"lazy\" decoding=\"async\" width=\"1000\" height=\"667\" src=\"https:\/\/qpes.com\/wp-content\/uploads\/2025\/06\/powered-by.jpg\" alt=\"\" class=\"wp-image-1694\" srcset=\"https:\/\/qpes.com\/wp-content\/uploads\/2025\/06\/powered-by.jpg 1000w, https:\/\/qpes.com\/wp-content\/uploads\/2025\/06\/powered-by-300x200.jpg 300w, https:\/\/qpes.com\/wp-content\/uploads\/2025\/06\/powered-by-768x512.jpg 768w\" sizes=\"auto, (max-width: 1000px) 100vw, 1000px\" \/><\/figure>\n<\/div>\n\n\n\n<div class=\"wp-block-column section-services__content animate-element animate-element-right is-layout-flow wp-block-column-is-layout-flow\" style=\"flex-basis:50%\">\n<div class=\"wp-block-group section-services__list\"><div class=\"wp-block-group__inner-container is-layout-constrained wp-block-group-is-layout-constrained\">\n<h2 class=\"wp-block-heading has-text-align-left display-6\" style=\"padding-bottom:1.5rem\">Zur\u00fccklehnen,<strong> unterst\u00fctzt durch QPES + OpenText<\/strong><\/h2>\n\n\n\n<p>#AMS #VIM #SAPFinance #Rechnungsautomatisierung #OpenTextPartner #DigitalFinance #QPES #TouchlessProcessing #SAPsupport #eInvoicing #BusinessProcessAutomation <\/p>\n<\/div><\/div>\n<\/div>\n<\/div>\n<\/div><\/div>\n\n\n\n<div style=\"height:4rem\" aria-hidden=\"true\" class=\"wp-block-spacer\"><\/div>\n<\/div><\/div>\n<\/div><\/section>\n\n<section id=\"contactform\" class=\"wp-block-group section-contact-form\"><div class=\"wp-block-group__inner-container is-layout-constrained wp-block-group-is-layout-constrained\">\n<div class=\"wp-block-group container\"><div class=\"wp-block-group__inner-container is-layout-constrained wp-block-group-is-layout-constrained\">\n<div style=\"height:4rem\" aria-hidden=\"true\" class=\"wp-block-spacer\"><\/div>\n\n\n\n<div class=\"wp-block-group section-contact-form__title\"><div class=\"wp-block-group__inner-container is-layout-constrained wp-block-group-is-layout-constrained\">\n<h2 class=\"wp-block-heading has-text-align-center display-3\" style=\"padding-bottom:1.5rem\"><strong>Kontaktieren Sie<\/strong> uns<\/h2>\n\n\n\n<p class=\"has-text-align-center\">Sind Sie daran interessiert, mit uns Gesch\u00e4fte zu machen? Schreiben Sie uns einfach eine Nachricht.<\/p>\n<\/div><\/div>\n\n\n\n<div class=\"wp-block-group section-contact-form__content\"><div class=\"wp-block-group__inner-container is-layout-constrained wp-block-group-is-layout-constrained\">\n\n<div class=\"wpcf7 no-js\" id=\"wpcf7-f1538-o1\" lang=\"de-DE\" dir=\"ltr\" data-wpcf7-id=\"1538\">\n<div class=\"screen-reader-response\"><p role=\"status\" aria-live=\"polite\" aria-atomic=\"true\"><\/p> <ul><\/ul><\/div>\n<form action=\"\/de\/wp-json\/wp\/v2\/pages\/1764#wpcf7-f1538-o1\" method=\"post\" class=\"wpcf7-form init\" aria-label=\"Kontaktformular\" novalidate=\"novalidate\" data-status=\"init\">\n<fieldset class=\"hidden-fields-container\"><input type=\"hidden\" name=\"_wpcf7\" value=\"1538\" \/><input type=\"hidden\" name=\"_wpcf7_version\" value=\"6.1.5\" \/><input type=\"hidden\" name=\"_wpcf7_locale\" value=\"de_DE\" \/><input type=\"hidden\" name=\"_wpcf7_unit_tag\" value=\"wpcf7-f1538-o1\" \/><input type=\"hidden\" name=\"_wpcf7_container_post\" value=\"0\" \/><input type=\"hidden\" name=\"_wpcf7_posted_data_hash\" value=\"\" \/><input type=\"hidden\" name=\"_wpcf7_recaptcha_response\" value=\"\" \/>\n<\/fieldset>\n<div class=\"row gx-5 gy-3\">\n\t<div class=\"col-md-4\">\n\t\t<p><span class=\"wpcf7-form-control-wrap\" data-name=\"your-name\"><input size=\"40\" maxlength=\"400\" class=\"wpcf7-form-control wpcf7-text wpcf7-validates-as-required\" aria-required=\"true\" aria-invalid=\"false\" placeholder=\"Ihr Name\" value=\"\" type=\"text\" name=\"your-name\" \/><\/span>\n\t\t<\/p>\n\t<\/div>\n\t<div class=\"col-md-4\">\n\t\t<p><span class=\"wpcf7-form-control-wrap\" data-name=\"your-phone\"><input size=\"40\" maxlength=\"400\" class=\"wpcf7-form-control wpcf7-tel wpcf7-validates-as-required wpcf7-text wpcf7-validates-as-tel\" aria-required=\"true\" aria-invalid=\"false\" placeholder=\"Ihre Telefonnummer\" value=\"\" type=\"tel\" name=\"your-phone\" \/><\/span>\n\t\t<\/p>\n\t<\/div>\n\t<div class=\"col-md-4\">\n\t\t<p><span class=\"wpcf7-form-control-wrap\" data-name=\"your-email\"><input size=\"40\" maxlength=\"400\" class=\"wpcf7-form-control wpcf7-email wpcf7-validates-as-required wpcf7-text wpcf7-validates-as-email\" aria-required=\"true\" aria-invalid=\"false\" placeholder=\"Ihre E-Mail\" value=\"\" type=\"email\" name=\"your-email\" \/><\/span>\n\t\t<\/p>\n\t<\/div>\n\t<div class=\"col-sm-12\">\n\t\t<p><span class=\"wpcf7-form-control-wrap\" data-name=\"your-message\"><textarea cols=\"40\" rows=\"10\" maxlength=\"2000\" class=\"wpcf7-form-control wpcf7-textarea\" aria-invalid=\"false\" placeholder=\"Nachricht schreiben\" name=\"your-message\"><\/textarea><\/span>\n\t\t<\/p>\n\t<\/div>\n\t<div class=\"col-sm-6\">\n\t\t<p><span class=\"wpcf7-form-control-wrap\" data-name=\"consent-checkbox\"><span class=\"wpcf7-form-control wpcf7-acceptance\"><span class=\"wpcf7-list-item\"><label><input type=\"checkbox\" name=\"consent-checkbox\" value=\"1\" aria-invalid=\"false\" \/><span class=\"wpcf7-list-item-label\">Ich stimme den Bedingungen zu<\/span><\/label><\/span><\/span><\/span>\n\t\t<\/p>\n\t<\/div>\n\t<div class=\"col-sm-6\">\n\t\t<div class=\"contact-form-button\">\n\t\t\t<p><input class=\"wpcf7-form-control wpcf7-submit has-spinner\" type=\"submit\" value=\"Schicken\" \/>\n\t\t\t<\/p>\n\t\t<\/div>\n\t<\/div>\n<\/div><div class=\"wpcf7-response-output\" aria-hidden=\"true\"><\/div>\n<\/form>\n<\/div>\n\n<\/div><\/div>\n\n\n\n<div style=\"height:4rem\" aria-hidden=\"true\" class=\"wp-block-spacer\"><\/div>\n<\/div><\/div>\n<\/div><\/section>\n","protected":false},"excerpt":{"rendered":"<p>Rationalisierung der Rechnungsverarbeitung in SAP mit AMS + VIM von QPES Optimieren der Effizienz. Verbessern der Compliance. Reduzieren der Kosten. Warum sollten Sie QPES f\u00fcr Ihr SAP-Rechnungsmanagement w\u00e4hlen ? Die [&hellip;]<\/p>\n","protected":false},"author":3,"featured_media":0,"parent":0,"menu_order":0,"comment_status":"closed","ping_status":"closed","template":"","meta":{"om_disable_all_campaigns":false,"_monsterinsights_skip_tracking":false,"_monsterinsights_sitenote_active":false,"_monsterinsights_sitenote_note":"","_monsterinsights_sitenote_category":0,"footnotes":""},"class_list":["post-1764","page","type-page","status-publish","hentry"],"aioseo_notices":[],"_links":{"self":[{"href":"https:\/\/qpes.com\/de\/wp-json\/wp\/v2\/pages\/1764","targetHints":{"allow":["GET"]}}],"collection":[{"href":"https:\/\/qpes.com\/de\/wp-json\/wp\/v2\/pages"}],"about":[{"href":"https:\/\/qpes.com\/de\/wp-json\/wp\/v2\/types\/page"}],"author":[{"embeddable":true,"href":"https:\/\/qpes.com\/de\/wp-json\/wp\/v2\/users\/3"}],"replies":[{"embeddable":true,"href":"https:\/\/qpes.com\/de\/wp-json\/wp\/v2\/comments?post=1764"}],"version-history":[{"count":3,"href":"https:\/\/qpes.com\/de\/wp-json\/wp\/v2\/pages\/1764\/revisions"}],"predecessor-version":[{"id":1908,"href":"https:\/\/qpes.com\/de\/wp-json\/wp\/v2\/pages\/1764\/revisions\/1908"}],"wp:attachment":[{"href":"https:\/\/qpes.com\/de\/wp-json\/wp\/v2\/media?parent=1764"}],"curies":[{"name":"wp","href":"https:\/\/api.w.org\/{rel}","templated":true}]}}